{"id":82,"date":"2014-11-29T23:00:57","date_gmt":"2014-11-29T22:00:57","guid":{"rendered":"http:\/\/wp.h3nry.de\/?page_id=82"},"modified":"2017-07-06T20:28:32","modified_gmt":"2017-07-06T18:28:32","slug":"akj-geschaeftsstelle","status":"publish","type":"page","link":"https:\/\/akj-frankfurt.de\/?page_id=82","title":{"rendered":"AKJ Gesch\u00e4ftsstelle"},"content":{"rendered":"<p><iframe loading=\"lazy\" src=\"https:\/\/maps.google.de\/maps?f=q&amp;source=s_q&amp;hl=de&amp;geocode=&amp;q=Mainluststr.&lt;\/p&gt;\n&lt;p&gt;+17+60329+Frankfurt&amp;aq=&amp;sll=50.926641,11.265458&amp;sspn=1.98053,6.344604&amp;ie=UTF8&amp;hq=&amp;hnear=Mainluststra%C3%9Fe+17,+Innenstadt&lt;\/p&gt;\n&lt;p&gt;+60329+Frankfurt&amp;t=m&amp;z=14&amp;ll=50.106958,8.671273&amp;output=embed\" width=\"640\" height=\"527\" frameborder=\"0\" marginwidth=\"0\" marginheight=\"0\" scrolling=\"no\"><\/iframe><br \/>\n<span style=\"font-size: medium;\"><small><a style=\"color: #008be5; text-align: left;\" href=\"https:\/\/maps.google.de\/maps?f=q&amp;source=embed&amp;hl=de&amp;geocode=&amp;q=Mainluststr.&lt;\/p&gt;\n&lt;p&gt;+17+60329+Frankfurt&amp;aq=&amp;sll=50.926641,11.265458&amp;sspn=1.98053,6.344604&amp;ie=UTF8&amp;hq=&amp;hnear=Mainluststra%C3%9Fe+17,+Innenstadt&lt;\/p&gt;\n&lt;p&gt;+60329+Frankfurt&amp;t=m&amp;z=14&amp;ll=50.106958,8.671273\" target=\"_blank\">Gr\u00f6\u00dfere Karte anzeigen<\/a><\/small><\/span><\/p>\n<div><iframe loading=\"lazy\" src=\"https:\/\/www.bing.com\/maps\/embed\/viewer.aspx?&lt;\/p&gt;\n&lt;p&gt;v=3&amp;cp=50.107033~8.671185&amp;lvl=17&amp;w=640&amp;h=480&amp;sty=r&amp;typ=d&amp;pp=~~50.107260~8.671067&amp;ps=&amp;dir=0&amp;mkt=de-de&amp;src=SHELL&amp;form=BMEMJS\" width=\"640\" height=\"480\" frameborder=\"0\"><\/iframe><\/p>\n<div style=\"margin: 14px &lt;\/p&gt;&lt;p&gt;0 0 0;\"><a href=\"https:\/\/www.bing.com\/maps\/?cp=50.107033~8.671185&amp;sty=r&amp;lvl=17&amp;where1=50.107260,8.671067&amp;mm_embed=map\" target=\"_blank\">Gr\u00f6\u00dfere Karte anzeigen<\/a> | <a href=\"https:\/\/www.bing.com\/maps\/?cp=50.107033~8.671185&amp;sty=r&amp;lvl=17&amp;rtp=~pos.50.107260_8.671067__&amp;mm_embed=dir\" target=\"_blank\">Routenplan<\/a> | <a href=\"https:\/\/www.bing.com\/maps\/?cp=sbj2p2hqp9x0&amp;sty=b&amp;lvl=18&amp;where1=50.107260,8.671067&amp;mm_embed=be\" target=\"_blank\">Satellitenbilder anzeigen<\/a><\/div>\n<\/div>\n","protected":false},"excerpt":{"rendered":"<p>Gr\u00f6\u00dfere Karte anzeigen Gr\u00f6\u00dfere Karte anzeigen | Routenplan | Satellitenbilder anzeigen<\/p>\n","protected":false},"author":1,"featured_media":0,"parent":0,"menu_order":0,"comment_status":"closed","ping_status":"closed","template":"","meta":{"footnotes":""},"_links":{"self":[{"href":"https:\/\/akj-frankfurt.de\/index.php?rest_route=\/wp\/v2\/pages\/82"}],"collection":[{"href":"https:\/\/akj-frankfurt.de\/index.php?rest_route=\/wp\/v2\/pages"}],"about":[{"href":"https:\/\/akj-frankfurt.de\/index.php?rest_route=\/wp\/v2\/types\/page"}],"author":[{"embeddable":true,"href":"https:\/\/akj-frankfurt.de\/index.php?rest_route=\/wp\/v2\/users\/1"}],"replies":[{"embeddable":true,"href":"https:\/\/akj-frankfurt.de\/index.php?rest_route=%2Fwp%2Fv2%2Fcomments&post=82"}],"version-history":[{"count":2,"href":"https:\/\/akj-frankfurt.de\/index.php?rest_route=\/wp\/v2\/pages\/82\/revisions"}],"predecessor-version":[{"id":950,"href":"https:\/\/akj-frankfurt.de\/index.php?rest_route=\/wp\/v2\/pages\/82\/revisions\/950"}],"wp:attachment":[{"href":"https:\/\/akj-frankfurt.de\/index.php?rest_route=%2Fwp%2Fv2%2Fmedia&parent=82"}],"curies":[{"name":"wp","href":"https:\/\/api.w.org\/{rel}","templated":true}]}}