{"id":73,"date":"2014-11-29T22:55:32","date_gmt":"2014-11-29T21:55:32","guid":{"rendered":"http:\/\/wp.h3nry.de\/?page_id=73"},"modified":"2024-03-13T09:23:15","modified_gmt":"2024-03-13T07:23:15","slug":"wir-der-akj","status":"publish","type":"page","link":"https:\/\/akj-frankfurt.de\/?page_id=73","title":{"rendered":"Der Arbeitskreis Jugendzahnpflege"},"content":{"rendered":"<p><em>f\u00fcr Frankfurt am Main und den Main-Taunus-Kreis<\/em><\/p>\n<p style=\"padding-left: 30px;\"><em>Das sind<\/em><\/p>\n<p style=\"padding-left: 30px;\">\u2022\u00a0 <em>die gesetzlichen Krankenkassen<\/em><br \/>\n<em>\u2022\u00a0 die zahn\u00e4rztlichen Teams der Gesundheits\u00e4mter Frankfurt und Hofheim<\/em><br \/>\n<em>\u2022\u00a0 die niedergelassenen Zahn\u00e4rztinnen und Zahn\u00e4rzte<\/em><\/p>\n<pre style=\"padding-left: 30px;\"><em>Claudia Schauss-Kilb, 1. Vorstandsvorsitzende\nGesundheitsamt Main-Taunus-Kreis<\/em><\/pre>\n<pre><em>Annette F\u00fcllkrug, Gesch\u00e4ftsf\u00fchrerin\nGesundheitsamt Frankfurt am Main<\/em><\/pre>\n","protected":false},"excerpt":{"rendered":"<p>f\u00fcr Frankfurt am Main und den Main-Taunus-Kreis Das sind \u2022\u00a0 die gesetzlichen Krankenkassen \u2022\u00a0 die zahn\u00e4rztlichen Teams der Gesundheits\u00e4mter Frankfurt und Hofheim \u2022\u00a0 die niedergelassenen Zahn\u00e4rztinnen und Zahn\u00e4rzte Claudia Schauss-Kilb, 1. Vorstandsvorsitzende Gesundheitsamt Main-Taunus-Kreis Annette F\u00fcllkrug, Gesch\u00e4ftsf\u00fchrerin Gesundheitsamt Frankfurt am Main<\/p>\n","protected":false},"author":1,"featured_media":0,"parent":0,"menu_order":0,"comment_status":"closed","ping_status":"closed","template":"","meta":{"footnotes":""},"_links":{"self":[{"href":"https:\/\/akj-frankfurt.de\/index.php?rest_route=\/wp\/v2\/pages\/73"}],"collection":[{"href":"https:\/\/akj-frankfurt.de\/index.php?rest_route=\/wp\/v2\/pages"}],"about":[{"href":"https:\/\/akj-frankfurt.de\/index.php?rest_route=\/wp\/v2\/types\/page"}],"author":[{"embeddable":true,"href":"https:\/\/akj-frankfurt.de\/index.php?rest_route=\/wp\/v2\/users\/1"}],"replies":[{"embeddable":true,"href":"https:\/\/akj-frankfurt.de\/index.php?rest_route=%2Fwp%2Fv2%2Fcomments&post=73"}],"version-history":[{"count":14,"href":"https:\/\/akj-frankfurt.de\/index.php?rest_route=\/wp\/v2\/pages\/73\/revisions"}],"predecessor-version":[{"id":3026,"href":"https:\/\/akj-frankfurt.de\/index.php?rest_route=\/wp\/v2\/pages\/73\/revisions\/3026"}],"wp:attachment":[{"href":"https:\/\/akj-frankfurt.de\/index.php?rest_route=%2Fwp%2Fv2%2Fmedia&parent=73"}],"curies":[{"name":"wp","href":"https:\/\/api.w.org\/{rel}","templated":true}]}}