{"id":45,"date":"2014-11-29T21:56:38","date_gmt":"2014-11-29T20:56:38","guid":{"rendered":"http:\/\/wp.h3nry.de\/?page_id=45"},"modified":"2026-04-02T08:33:55","modified_gmt":"2026-04-02T06:33:55","slug":"home","status":"publish","type":"page","link":"https:\/\/akj-frankfurt.de\/","title":{"rendered":"Arbeitskreis Jugendzahnpflege"},"content":{"rendered":"\n<h5><span style=\"color: #ff0000;\">\u00a0 \u00a0 \u00a0 \u00a0 \u00a0 \u00a0\u00a0<\/span><\/h5>\n\n\n\n<pre class=\"wp-block-preformatted\"><em>Schauen Sie unter <a href=\"https:\/\/akj-frankfurt.de\/?page_id=65\">Fortbildung<\/a> und <a href=\"https:\/\/akj-frankfurt.de\/?page_id=401\">Download<\/a> nach unseren Terminen.\n\n<\/em><\/pre>\n\n\n\n\n\n<blockquote class=\"wp-block-quote\">\n<p> Kassenleistung &#8211; Fluoridlack und Fr\u00fcherkennung<\/p>\n<\/blockquote>\n\n\n\n<pre class=\"wp-block-preformatted\"><em>Das <a href=\"https:\/\/akj-frankfurt.de\/?page_id=1571\">Auftragen von Fluoridlack<\/a> zur Zahnschmelzh\u00e4rtung wird f\u00fcr Kinder zwischen 6. und 34. Lebensmonat Kassenleistung. Lesen Sie <a href=\"https:\/\/akj-frankfurt.de\/?page_id=1571\">hier<\/a> mehr zu diesem Thema.<\/em><\/pre>\n\n\n\n<blockquote class=\"wp-block-quote\">\n<p>Achte zahn\u00e4rztliche Querschnittsuntersuchung<\/p>\n<\/blockquote>\n\n\n\n<pre class=\"wp-block-preformatted\"><em>Seit Beginn der <a href=\"https:\/\/akj-frankfurt.de\/wp-content\/uploads\/SJ-2023-24_Kita-Querschnittsstudie-Hessen.pdf\">Querschnittsuntersuchungen<\/a> 2003\/04 hat sich die Mundgesundheit hessischer Kindergartenkinder verbessert. In den letzten 13 Jahren ist der Anteil der Kinder mit naturgesunden Z\u00e4hnen in der Gruppe der F\u00fcnfj\u00e4hrigen von 58 % auf 69 % angestiegen. Lesen Sie <a href=\"https:\/\/akj-frankfurt.de\/wp-content\/uploads\/SJ-2023-24_Kita-Querschnittsstudie-Hessen.pdf\">hier<\/a> mehr zu diesem Thema.<\/em><\/pre>\n\n\n\n<p><\/p>\n\n\n\n<p><\/p>\n\n\n\n<p><\/p>\n\n\n\n<p><\/p>\n\n\n\n<p><\/p>\n","protected":false},"excerpt":{"rendered":"<p>\u00a0 \u00a0 \u00a0 \u00a0 \u00a0 \u00a0\u00a0 Schauen Sie unter Fortbildung und Download nach unseren Terminen. Kassenleistung &#8211; Fluoridlack und Fr\u00fcherkennung Das Auftragen von Fluoridlack zur Zahnschmelzh\u00e4rtung wird f\u00fcr Kinder zwischen 6. und 34. Lebensmonat Kassenleistung. Lesen Sie hier mehr zu diesem Thema. Achte zahn\u00e4rztliche Querschnittsuntersuchung Seit Beginn der Querschnittsuntersuchungen 2003\/04 hat sich die Mundgesundheit hessischer &hellip; <a href=\"https:\/\/akj-frankfurt.de\/\" class=\"more-link\"><span class=\"screen-reader-text\">Arbeitskreis Jugendzahnpflege<\/span> weiterlesen <span class=\"meta-nav\">&rarr;<\/span><\/a><\/p>\n","protected":false},"author":1,"featured_media":0,"parent":0,"menu_order":0,"comment_status":"closed","ping_status":"closed","template":"","meta":{"footnotes":""},"_links":{"self":[{"href":"https:\/\/akj-frankfurt.de\/index.php?rest_route=\/wp\/v2\/pages\/45"}],"collection":[{"href":"https:\/\/akj-frankfurt.de\/index.php?rest_route=\/wp\/v2\/pages"}],"about":[{"href":"https:\/\/akj-frankfurt.de\/index.php?rest_route=\/wp\/v2\/types\/page"}],"author":[{"embeddable":true,"href":"https:\/\/akj-frankfurt.de\/index.php?rest_route=\/wp\/v2\/users\/1"}],"replies":[{"embeddable":true,"href":"https:\/\/akj-frankfurt.de\/index.php?rest_route=%2Fwp%2Fv2%2Fcomments&post=45"}],"version-history":[{"count":506,"href":"https:\/\/akj-frankfurt.de\/index.php?rest_route=\/wp\/v2\/pages\/45\/revisions"}],"predecessor-version":[{"id":3377,"href":"https:\/\/akj-frankfurt.de\/index.php?rest_route=\/wp\/v2\/pages\/45\/revisions\/3377"}],"wp:attachment":[{"href":"https:\/\/akj-frankfurt.de\/index.php?rest_route=%2Fwp%2Fv2%2Fmedia&parent=45"}],"curies":[{"name":"wp","href":"https:\/\/api.w.org\/{rel}","templated":true}]}}