{"id":445,"date":"2016-01-10T18:02:01","date_gmt":"2016-01-10T18:02:01","guid":{"rendered":"http:\/\/neu.akj-frankfurt.de\/?page_id=445"},"modified":"2024-03-12T16:56:22","modified_gmt":"2024-03-12T14:56:22","slug":"angebot-fuer-kindergaerten","status":"publish","type":"page","link":"https:\/\/akj-frankfurt.de\/?page_id=445","title":{"rendered":"Angebot f\u00fcr Kinderg\u00e4rten"},"content":{"rendered":"<ul style=\"list-style-type: none;\">\n<li style=\"list-style-type: none;\">\n<ul style=\"list-style-type: circle;\">\n<li><em>KAIplus -Systematik \u00fcben &#8211; im Spiel und mit Spa\u00df wird in der KiTa gemeinsam das Z\u00e4hneputzen ge\u00fcbt<\/em><\/li>\n<li><em>(Zahn)gesund essen und trinken &#8211; spielerisch kauaktive Lebensmittel kennen lernen und mit allen Sinnen erfahren<\/em><\/li>\n<li><em>Praxisbesuche\u00a0&#8211; im Schutz der vertrauten Gruppe die Zahnarztpraxis kennenlernen<\/em><\/li>\n<li><em>Beratung f\u00fcr P\u00e4dagogisches Fachpersonal &#8211; praxiserprobte Tipps zur Umsetzung der Zahnpflege und des Zuckerfreien Vormittags<\/em><\/li>\n<li><em>kostenfreie Fortbildungsangebote<\/em><\/li>\n<li><em>Vermittlung von Patenschaftsteams<\/em><\/li>\n<\/ul>\n<\/li>\n<\/ul>\n<p><em>&#8230; durch die patenschaftlichen Teams der niedergelassenen Zahn\u00e4rztinnen und Zahn\u00e4rzte oder das Prophylaxeteam des AKJ<\/em><\/p>\n","protected":false},"excerpt":{"rendered":"<p>KAIplus -Systematik \u00fcben &#8211; im Spiel und mit Spa\u00df wird in der KiTa gemeinsam das Z\u00e4hneputzen ge\u00fcbt (Zahn)gesund essen und trinken &#8211; spielerisch kauaktive Lebensmittel kennen lernen und mit allen Sinnen erfahren Praxisbesuche\u00a0&#8211; im Schutz der vertrauten Gruppe die Zahnarztpraxis kennenlernen Beratung f\u00fcr P\u00e4dagogisches Fachpersonal &#8211; praxiserprobte Tipps zur Umsetzung der Zahnpflege und des Zuckerfreien &hellip; <a href=\"https:\/\/akj-frankfurt.de\/?page_id=445\" class=\"more-link\"><span class=\"screen-reader-text\">Angebot f\u00fcr Kinderg\u00e4rten<\/span> weiterlesen <span class=\"meta-nav\">&rarr;<\/span><\/a><\/p>\n","protected":false},"author":1,"featured_media":0,"parent":0,"menu_order":0,"comment_status":"closed","ping_status":"closed","template":"","meta":{"footnotes":""},"_links":{"self":[{"href":"https:\/\/akj-frankfurt.de\/index.php?rest_route=\/wp\/v2\/pages\/445"}],"collection":[{"href":"https:\/\/akj-frankfurt.de\/index.php?rest_route=\/wp\/v2\/pages"}],"about":[{"href":"https:\/\/akj-frankfurt.de\/index.php?rest_route=\/wp\/v2\/types\/page"}],"author":[{"embeddable":true,"href":"https:\/\/akj-frankfurt.de\/index.php?rest_route=\/wp\/v2\/users\/1"}],"replies":[{"embeddable":true,"href":"https:\/\/akj-frankfurt.de\/index.php?rest_route=%2Fwp%2Fv2%2Fcomments&post=445"}],"version-history":[{"count":25,"href":"https:\/\/akj-frankfurt.de\/index.php?rest_route=\/wp\/v2\/pages\/445\/revisions"}],"predecessor-version":[{"id":3018,"href":"https:\/\/akj-frankfurt.de\/index.php?rest_route=\/wp\/v2\/pages\/445\/revisions\/3018"}],"wp:attachment":[{"href":"https:\/\/akj-frankfurt.de\/index.php?rest_route=%2Fwp%2Fv2%2Fmedia&parent=445"}],"curies":[{"name":"wp","href":"https:\/\/api.w.org\/{rel}","templated":true}]}}