{"id":156,"date":"2014-11-30T09:59:57","date_gmt":"2014-11-30T08:59:57","guid":{"rendered":"http:\/\/wp.h3nry.de\/?page_id=156"},"modified":"2024-03-12T16:21:26","modified_gmt":"2024-03-12T14:21:26","slug":"links","status":"publish","type":"page","link":"https:\/\/akj-frankfurt.de\/?page_id=156","title":{"rendered":"Links"},"content":{"rendered":"<p style=\"padding-left: 30px;\"><a href=\"https:\/\/frankfurt.de\/service-und-rathaus\/verwaltung\/aemter-und-institutionen\/gesundheitsamt\" target=\"_blank\" rel=\"noopener noreferrer\"><em>Gesundheitsamt &#8211; Stadt Frankfurt am Main<\/em><\/a><\/p>\n<p style=\"padding-left: 30px;\"><a href=\"https:\/\/www.lagh.de\/\" target=\"_blank\" rel=\"noopener noreferrer\"><em>Landesarbeitsgemeinschaft Hessen (LAGH)<\/em><\/a><\/p>\n<p style=\"padding-left: 30px;\"><a href=\"http:\/\/www.tagderzahngesundheit.de\/\" target=\"_blank\" rel=\"noopener noreferrer\"><em>Tag der Zahngesundheit<\/em><\/a><\/p>\n<p style=\"padding-left: 30px;\"><a href=\"https:\/\/www.lagh.de\/arbeitskreise\/kontaktdaten\/\" target=\"_blank\" rel=\"noopener noreferrer\"><em>Die Arbeitskreise Jugendzahnpflege (AKJ) in Hessen<\/em><\/a><\/p>\n<p style=\"padding-left: 30px;\"><a href=\"https:\/\/www.frankfurter-buendnis-fuer-familien.de\/\" target=\"_blank\" rel=\"noopener noreferrer\"><em>Frankfurter B\u00fcndnis f\u00fcr Familien<\/em><\/a><\/p>\n<p style=\"padding-left: 30px;\"><a href=\"https:\/\/frankfurter-familienmesse.de\/\" target=\"_blank\" rel=\"noopener noreferrer\"><em>Frankfurter Familienmesse<\/em><\/a><\/p>\n<p style=\"padding-left: 30px;\"><a href=\"https:\/\/kinderbuero-ffm.de\/\" target=\"_blank\" rel=\"noopener noreferrer\"><em>Frankfurter Kinderb\u00fcro<\/em><\/a><\/p>\n<p style=\"padding-left: 30px;\"><a href=\"https:\/\/www.frankfurt-mein-zuhause.de\/\" target=\"_blank\" rel=\"noopener noreferrer\"><em>Frankfurt mein Zuhause<\/em><\/a><\/p>\n<p style=\"padding-left: 30px;\">\u00a0<\/p>\n\n\n\n","protected":false},"excerpt":{"rendered":"<p>Gesundheitsamt &#8211; Stadt Frankfurt am Main Landesarbeitsgemeinschaft Hessen (LAGH) Tag der Zahngesundheit Die Arbeitskreise Jugendzahnpflege (AKJ) in Hessen Frankfurter B\u00fcndnis f\u00fcr Familien Frankfurter Familienmesse Frankfurter Kinderb\u00fcro Frankfurt mein Zuhause \u00a0<\/p>\n","protected":false},"author":1,"featured_media":0,"parent":0,"menu_order":0,"comment_status":"closed","ping_status":"closed","template":"","meta":{"footnotes":""},"_links":{"self":[{"href":"https:\/\/akj-frankfurt.de\/index.php?rest_route=\/wp\/v2\/pages\/156"}],"collection":[{"href":"https:\/\/akj-frankfurt.de\/index.php?rest_route=\/wp\/v2\/pages"}],"about":[{"href":"https:\/\/akj-frankfurt.de\/index.php?rest_route=\/wp\/v2\/types\/page"}],"author":[{"embeddable":true,"href":"https:\/\/akj-frankfurt.de\/index.php?rest_route=\/wp\/v2\/users\/1"}],"replies":[{"embeddable":true,"href":"https:\/\/akj-frankfurt.de\/index.php?rest_route=%2Fwp%2Fv2%2Fcomments&post=156"}],"version-history":[{"count":24,"href":"https:\/\/akj-frankfurt.de\/index.php?rest_route=\/wp\/v2\/pages\/156\/revisions"}],"predecessor-version":[{"id":3001,"href":"https:\/\/akj-frankfurt.de\/index.php?rest_route=\/wp\/v2\/pages\/156\/revisions\/3001"}],"wp:attachment":[{"href":"https:\/\/akj-frankfurt.de\/index.php?rest_route=%2Fwp%2Fv2%2Fmedia&parent=156"}],"curies":[{"name":"wp","href":"https:\/\/api.w.org\/{rel}","templated":true}]}}